{"id":2,"date":"2019-06-10T10:03:23","date_gmt":"2019-06-10T13:03:23","guid":{"rendered":"https:\/\/www.diariomunicipal-al.com.br\/uniao\/?page_id=2"},"modified":"2026-02-26T16:58:20","modified_gmt":"2026-02-26T19:58:20","slug":"pagina-exemplo","status":"publish","type":"page","link":"https:\/\/www.diariomunicipal-al.com.br\/uniao\/pagina-exemplo\/","title":{"rendered":"O DI\u00c1RIO OFICIAL"},"content":{"rendered":"<h2><strong>O que \u00e9?<\/strong><\/h2>\n<p>A empresa de Tecnologia Marka coloca a disposi\u00e7\u00e3o dos seus filiados uma solu\u00e7\u00e3o pr\u00e1tica e econ\u00f4mica para as publica\u00e7\u00f5es legais do seu munic\u00edpio:<\/p>\n<p>Uma moderna ferramenta que atende todas as exig\u00eancias legais para publica\u00e7\u00e3o de atos do governo municipal.<\/p>\n<p>Publica\u00e7\u00f5es legais com grande economia para os cofres municipais.<\/p>\n<p>O Di\u00e1rio Oficial Online significa uma redu\u00e7\u00e3o dr\u00e1stica nas despesas da sua administra\u00e7\u00e3o. Ele ir\u00e1 diminuir seus gastos com publica\u00e7\u00e3o de todos os atos administrativos, de licita\u00e7\u00f5es e contratos, relat\u00f3rios, normas e editais.<\/p>\n<p>Promova a moderniza\u00e7\u00e3o administrativa do seu munic\u00edpio. O cadastramento das mat\u00e9rias \u00e9 feito diretamente pelos munic\u00edpios, com total autonomia e com mais agilidade no processo.<\/p>\n<p>Os munic\u00edpios que aderirem receber\u00e3o treinamento e poder\u00e3o contar com o suporte t\u00e9cnico por telefone a qualquer momento.<\/p>\n<p>Di\u00e1rio Oficial Online \u00e9 seguran\u00e7a, economia e legalidade. Diversos munic\u00edpios de outros estados j\u00e1 adotaram esta solu\u00e7\u00e3o e tiveram parecer favor\u00e1vel do Tribunal de Contas.<\/p>\n<h2><strong>Benef\u00edcios<\/strong><\/h2>\n<p>O grande diferencial em rela\u00e7\u00e3o aos demais meios de publica\u00e7\u00e3o est\u00e1 na autonomia que o munic\u00edpio ter\u00e1 para realizar as suas publica\u00e7\u00f5es, n\u00e3o dependo de envio de fax, pap\u00e9is, pagamentos antecipados ou qualquer burocracia que possa dificultar o processo. Outro ponto importante \u00e9 a redu\u00e7\u00e3o dos custos, onde o munic\u00edpio pode publicar todos os atos administrativos, de licita\u00e7\u00f5es e contratos, normas, legisla\u00e7\u00e3o, relat\u00f3rio e outros instrumentos legais sem qualquer custo adicional.<\/p>\n<ul>\n<li>Automatiza\u00e7\u00e3o dos processos de publica\u00e7\u00e3o;<\/li>\n<li>Maior transpar\u00eancia<\/li>\n<li>Facilidade e agilidade na implanta\u00e7\u00e3o \u2013 o sistema ser\u00e1 centralizado, n\u00e3o exigindo implanta\u00e7\u00e3o ou suporte junto aos usu\u00e1rios;<\/li>\n<li>Redu\u00e7\u00e3o dos custos de implanta\u00e7\u00e3o, manuten\u00e7\u00e3o e evolu\u00e7\u00e3o da ferramenta;<\/li>\n<li>Equipe de suporte especializada;<\/li>\n<li>Redu\u00e7\u00e3o do tempo de publica\u00e7\u00e3o.<\/li>\n<\/ul>\n\n\n<p><\/p>\n","protected":false},"excerpt":{"rendered":"<p>O que \u00e9? A empresa de Tecnologia Marka coloca a disposi\u00e7\u00e3o dos seus filiados uma solu\u00e7\u00e3o pr\u00e1tica e econ\u00f4mica para as publica\u00e7\u00f5es legais do seu munic\u00edpio: Uma moderna ferramenta que atende todas as exig\u00eancias legais para publica\u00e7\u00e3o de atos do governo municipal. Publica\u00e7\u00f5es legais com grande economia para os cofres municipais. O Di\u00e1rio Oficial Online [&hellip;]<\/p>\n","protected":false},"author":1,"featured_media":0,"parent":0,"menu_order":0,"comment_status":"closed","ping_status":"open","template":"","meta":{"footnotes":""},"class_list":["post-2","page","type-page","status-publish","hentry"],"_links":{"self":[{"href":"https:\/\/www.diariomunicipal-al.com.br\/uniao\/wp-json\/wp\/v2\/pages\/2","targetHints":{"allow":["GET"]}}],"collection":[{"href":"https:\/\/www.diariomunicipal-al.com.br\/uniao\/wp-json\/wp\/v2\/pages"}],"about":[{"href":"https:\/\/www.diariomunicipal-al.com.br\/uniao\/wp-json\/wp\/v2\/types\/page"}],"author":[{"embeddable":true,"href":"https:\/\/www.diariomunicipal-al.com.br\/uniao\/wp-json\/wp\/v2\/users\/1"}],"replies":[{"embeddable":true,"href":"https:\/\/www.diariomunicipal-al.com.br\/uniao\/wp-json\/wp\/v2\/comments?post=2"}],"version-history":[{"count":5,"href":"https:\/\/www.diariomunicipal-al.com.br\/uniao\/wp-json\/wp\/v2\/pages\/2\/revisions"}],"predecessor-version":[{"id":5676,"href":"https:\/\/www.diariomunicipal-al.com.br\/uniao\/wp-json\/wp\/v2\/pages\/2\/revisions\/5676"}],"wp:attachment":[{"href":"https:\/\/www.diariomunicipal-al.com.br\/uniao\/wp-json\/wp\/v2\/media?parent=2"}],"curies":[{"name":"wp","href":"https:\/\/api.w.org\/{rel}","templated":true}]}}